{"id":6,"date":"2019-11-26T12:23:06","date_gmt":"2019-11-26T12:23:06","guid":{"rendered":"https:\/\/demosites.io\/blogger-gb\/?page_id=6"},"modified":"2024-03-14T19:13:14","modified_gmt":"2024-03-14T19:13:14","slug":"media-coverage","status":"publish","type":"page","link":"https:\/\/webpr.ch\/de_CH\/media-coverage\/","title":{"rendered":"Medienberichterstattung"},"content":{"rendered":"\n<div id=\"wp-block-themeisle-blocks-advanced-columns-c3397b6c\" class=\"wp-block-themeisle-blocks-advanced-columns alignfull has-1-columns has-desktop-equal-layout has-tablet-equal-layout has-mobile-equal-layout has-vertical-unset has-vertical-undefined ticss-d7fc288d\"><div class=\"wp-block-themeisle-blocks-advanced-columns-overlay\"><\/div><div class=\"innerblocks-wrap\">\n<div id=\"wp-block-themeisle-blocks-advanced-column-f1a738cd\" class=\"wp-block-themeisle-blocks-advanced-column\">\n<h2 class=\"wp-block-heading has-text-align-center\">Erhalte Medienberichterstattung<\/h2>\n<\/div>\n<\/div><\/div>\n\n\n\n<div id=\"wp-block-themeisle-blocks-advanced-columns-ba35ac10\" class=\"wp-block-themeisle-blocks-advanced-columns alignfull has-1-columns has-desktop-equal-layout has-tablet-collapsedRows-layout has-mobile-collapsedRows-layout has-vertical-unset\"><div class=\"wp-block-themeisle-blocks-advanced-columns-overlay\"><\/div><div class=\"innerblocks-wrap\">\n<div id=\"wp-block-themeisle-blocks-advanced-column-6436fd26\" class=\"wp-block-themeisle-blocks-advanced-column ticss-48ef8f35\">\n<h4 class=\"wp-block-heading has-text-align-center\">Wir sind Experten f\u00fcr Public Relations und Kommunikation und stehen bereit, Ihnen bei der Medienarbeit zu helfen, eine PR-Strategie bereitzustellen und die gew\u00fcnschte Medienberichterstattung zu erlangen.<br \/><br \/>Wir werden von erfolgreichen Unternehmen vertraut, da wir Online-Ergebnisse liefern, die unseren Kunden helfen, ihr Gesch\u00e4ft exponentiell zu vergr\u00f6\u00dfern.<br \/><br \/>450+ Kunden betreut<br \/><br \/>Vertraut von Unternehmen jeder Gr\u00f6\u00dfe, die sich auf langfristiges WACHSTUM konzentrieren.<\/h4>\n<\/div>\n<\/div><\/div>\n\n\n\n<div id=\"wp-block-themeisle-blocks-advanced-columns-0b29f758\" class=\"wp-block-themeisle-blocks-advanced-columns alignfull has-1-columns has-desktop-equal-layout has-tablet-equal-layout has-mobile-collapsedRows-layout has-vertical-bottom has-dark-bg\"><div class=\"wp-block-themeisle-blocks-advanced-columns-overlay\"><\/div><div class=\"innerblocks-wrap\">\n<div id=\"wp-block-themeisle-blocks-advanced-column-d2212157\" class=\"wp-block-themeisle-blocks-advanced-column\">\n<h2 class=\"wp-block-heading has-text-align-center\">Content-Marketing<\/h2>\n\n\n\n<h4 class=\"wp-block-heading has-text-align-center\">Wir sind hier, um Ihr Wachstum anzukurbeln, Ihren Ruf aufzubauen und Inhalte f\u00fcr Ihren Medien- und Nachrichtenauftritt, Ihre Website, E-Mail-Kampagnen und alle Ihre Social-Media-Kan\u00e4le zu erstellen.<br \/><br \/>Dies ist entscheidend f\u00fcr Ihre Suchmaschinenoptimierungsstrategie, da es den Einfluss Ihrer Marke im Web st\u00e4rkt. Ihre Inhalte und Nachrichtenauftritte f\u00fchren Kunden zur\u00fcck zu Ihrem Unternehmen und wecken Interesse an Ihren Produkten und Dienstleistungen.<\/h4>\n\n\n\n<h2 class=\"wp-block-heading has-text-align-center\">NetReputation.CH Pflege und Wartung der Online-Reputation<\/h2>\n\n\n\n<h4 class=\"wp-block-heading has-text-align-center\">Unsere Net Reputation-Pl\u00e4ne sind darauf ausgerichtet, Ihnen dabei zu helfen, Ihren aktuellen Suchmaschinenruf zu verbessern.<br \/><br \/>Wir sind hier, um Ihnen bei der Erstellung von positiven Inhalten zu helfen und Ihre Inhalte von vertrauensw\u00fcrdigen Medien ver\u00f6ffentlichen zu lassen.<br \/><br \/>Wir f\u00fchren alle erforderlichen Wartungsaufgaben auf Ihren Social-Media-Plattformen und Ihrer Website durch.<br \/><br \/>Dar\u00fcber hinaus bieten wir News &#8211; und Medien\u00fcberwachung an.<br \/><br \/>Wir \u00fcberwachen auch Ihre Suchmaschinenplatzierungen.<\/h4>\n\n\n\n<div id=\"wp-block-themeisle-blocks-advanced-columns-73710486\" class=\"wp-block-themeisle-blocks-advanced-columns has-1-columns has-desktop-equal-layout has-tablet-equal-layout has-mobile-equal-layout has-vertical-unset\"><div class=\"wp-block-themeisle-blocks-advanced-columns-overlay\"><\/div><div class=\"innerblocks-wrap\">\n<div id=\"wp-block-themeisle-blocks-advanced-column-c33c8a33\" class=\"wp-block-themeisle-blocks-advanced-column\">\n<div class=\"wp-block-columns are-vertically-aligned-center is-layout-flex wp-container-3\">\n<div class=\"wp-block-column is-vertically-aligned-center is-layout-flow\">\n<h3 class=\"wp-block-heading has-text-align-center\">Maximieren Sie Ihre Online-Pr\u00e4senz und Ihren Ruf.<br \/><br \/>Schreiben Sie mir jetzt eine E-Mail:<br \/><mark style=\"background-color:#ffd66b\" class=\"has-inline-color\">milan[at]WebPR.ch<\/mark><\/h3>\n<\/div>\n\n\n\n<div class=\"wp-block-column is-vertically-aligned-center is-layout-flow\">\n<figure class=\"wp-block-image size-full is-resized\"><img decoding=\"async\" loading=\"lazy\" src=\"https:\/\/webpr.ch\/wp-content\/uploads\/2023\/06\/netreputation-milan-horizontal-shot.webp\" alt=\"\" class=\"wp-image-589\" width=\"600\" height=\"400\" srcset=\"https:\/\/webpr.ch\/wp-content\/uploads\/2023\/06\/netreputation-milan-horizontal-shot.webp 800w, https:\/\/webpr.ch\/wp-content\/uploads\/2023\/06\/netreputation-milan-horizontal-shot-300x200.webp 300w, https:\/\/webpr.ch\/wp-content\/uploads\/2023\/06\/netreputation-milan-horizontal-shot-768x512.webp 768w\" sizes=\"(max-width: 600px) 100vw, 600px\" \/><\/figure>\n<\/div>\n<\/div>\n<\/div>\n<\/div><\/div>\n<\/div>\n<\/div><\/div>\n\n\n\n<div id=\"wp-block-themeisle-blocks-advanced-columns-0420b78e\" class=\"wp-block-themeisle-blocks-advanced-columns has-1-columns has-desktop-equal-layout has-tablet-equal-layout has-mobile-equal-layout has-vertical-unset\"><div class=\"wp-block-themeisle-blocks-advanced-columns-overlay\"><\/div><div class=\"innerblocks-wrap\">\n<div id=\"wp-block-themeisle-blocks-advanced-column-07c8372f\" class=\"wp-block-themeisle-blocks-advanced-column ticss-1e4a2cbe\"><div class=\"wp-block-image\">\n<figure class=\"aligncenter size-full\"><a href=\"https:\/\/webpr.ch\/de_CH\/contact\/\"><img decoding=\"async\" loading=\"lazy\" width=\"150\" height=\"150\" src=\"https:\/\/webpr.ch\/wp-content\/uploads\/2022\/10\/neve-minimal-blogger-12-s.png\" alt=\"\" class=\"wp-image-118\"\/><\/a><\/figure><\/div><\/div>\n<\/div><\/div>\n","protected":false},"excerpt":{"rendered":"<p><!-- wp:themeisle-blocks\/advanced-columns {\"id\":\"wp-block-themeisle-blocks-advanced-columns-c3397b6c\",\"columns\":1,\"layout\":\"equal\",\"padding\":{\"top\":\"20px\",\"bottom\":\"20px\",\"left\":\"20px\",\"right\":\"20px\"},\"paddingTablet\":{\"top\":\"20px\",\"bottom\":\"20px\",\"le...\n<\/p>\n","protected":false},"author":1,"featured_media":0,"parent":0,"menu_order":0,"comment_status":"closed","ping_status":"closed","template":"","meta":{"neve_meta_sidebar":"full-width","neve_meta_container":"","neve_meta_enable_content_width":"on","neve_meta_content_width":100,"neve_meta_title_alignment":"","neve_meta_author_avatar":"","neve_post_elements_order":"","neve_meta_disable_header":"","neve_meta_disable_footer":"","neve_meta_disable_title":"on","_themeisle_gutenberg_block_has_review":false,"_ti_tpc_template_sync":false,"_ti_tpc_template_id":"lk14g9s4to6urekitery"},"yoast_head":"<!-- This site is optimized with the Yoast SEO plugin v20.10 - https:\/\/yoast.com\/wordpress\/plugins\/seo\/ -->\n<title>Media Coverage - WebPR<\/title>\n<meta name=\"description\" content=\"We are here to \u00a0help fuel your growth, built your reputation and create content for your Media and News appearance, your website, email...\" \/>\n<meta name=\"robots\" content=\"noindex, follow, max-snippet:-1, max-image-preview:large, max-video-preview:-1\" \/>\n<meta property=\"og:locale\" content=\"en_US\" \/>\n<meta property=\"og:type\" content=\"article\" \/>\n<meta property=\"og:title\" content=\"Media Coverage - WebPR\" \/>\n<meta property=\"og:description\" content=\"We are here to \u00a0help fuel your growth, built your reputation and create content for your Media and News appearance, your website, email...\" \/>\n<meta property=\"og:url\" content=\"https:\/\/webpr.ch\/media-coverage\/\" \/>\n<meta property=\"og:site_name\" content=\"WebPR\" \/>\n<meta property=\"article:modified_time\" content=\"2024-03-14T19:13:14+00:00\" \/>\n<meta property=\"og:image\" content=\"https:\/\/webpr.ch\/wp-content\/uploads\/2023\/06\/netreputation-milan-horizontal-shot.webp\" \/>\n<meta name=\"twitter:card\" content=\"summary_large_image\" \/>\n<meta name=\"twitter:label1\" content=\"Est. reading time\" \/>\n\t<meta name=\"twitter:data1\" content=\"2 minutes\" \/>\n<script type=\"application\/ld+json\" class=\"yoast-schema-graph\">{\"@context\":\"https:\/\/schema.org\",\"@graph\":[{\"@type\":\"WebPage\",\"@id\":\"https:\/\/webpr.ch\/media-coverage\/\",\"url\":\"https:\/\/webpr.ch\/media-coverage\/\",\"name\":\"Media Coverage - WebPR\",\"isPartOf\":{\"@id\":\"https:\/\/webpr.ch\/#website\"},\"datePublished\":\"2019-11-26T12:23:06+00:00\",\"dateModified\":\"2024-03-14T19:13:14+00:00\",\"description\":\"We are here to \u00a0help fuel your growth, built your reputation and create content for your Media and News appearance, your website, email...\",\"breadcrumb\":{\"@id\":\"https:\/\/webpr.ch\/media-coverage\/#breadcrumb\"},\"inLanguage\":\"en-US\",\"potentialAction\":[{\"@type\":\"ReadAction\",\"target\":[\"https:\/\/webpr.ch\/media-coverage\/\"]}]},{\"@type\":\"BreadcrumbList\",\"@id\":\"https:\/\/webpr.ch\/media-coverage\/#breadcrumb\",\"itemListElement\":[{\"@type\":\"ListItem\",\"position\":1,\"name\":\"Home\",\"item\":\"https:\/\/webpr.ch\/\"},{\"@type\":\"ListItem\",\"position\":2,\"name\":\"Media Coverage\"}]},{\"@type\":\"WebSite\",\"@id\":\"https:\/\/webpr.ch\/#website\",\"url\":\"https:\/\/webpr.ch\/\",\"name\":\"WebPR\",\"description\":\"\",\"publisher\":{\"@id\":\"https:\/\/webpr.ch\/#organization\"},\"potentialAction\":[{\"@type\":\"SearchAction\",\"target\":{\"@type\":\"EntryPoint\",\"urlTemplate\":\"https:\/\/webpr.ch\/?s={search_term_string}\"},\"query-input\":\"required name=search_term_string\"}],\"inLanguage\":\"en-US\"},{\"@type\":\"Organization\",\"@id\":\"https:\/\/webpr.ch\/#organization\",\"name\":\"WebPR\",\"url\":\"https:\/\/webpr.ch\/\",\"logo\":{\"@type\":\"ImageObject\",\"inLanguage\":\"en-US\",\"@id\":\"https:\/\/webpr.ch\/#\/schema\/logo\/image\/\",\"url\":\"https:\/\/webpr.ch\/wp-content\/uploads\/2023\/01\/ceo-milan-gallery-portrait-close.webp\",\"contentUrl\":\"https:\/\/webpr.ch\/wp-content\/uploads\/2023\/01\/ceo-milan-gallery-portrait-close.webp\",\"width\":800,\"height\":846,\"caption\":\"WebPR\"},\"image\":{\"@id\":\"https:\/\/webpr.ch\/#\/schema\/logo\/image\/\"}}]}<\/script>\n<!-- \/ Yoast SEO plugin. -->","yoast_head_json":{"title":"Media Coverage - WebPR","description":"We are here to \u00a0help fuel your growth, built your reputation and create content for your Media and News appearance, your website, email...","robots":{"index":"noindex","follow":"follow","max-snippet":"max-snippet:-1","max-image-preview":"max-image-preview:large","max-video-preview":"max-video-preview:-1"},"og_locale":"en_US","og_type":"article","og_title":"Media Coverage - WebPR","og_description":"We are here to \u00a0help fuel your growth, built your reputation and create content for your Media and News appearance, your website, email...","og_url":"https:\/\/webpr.ch\/media-coverage\/","og_site_name":"WebPR","article_modified_time":"2024-03-14T19:13:14+00:00","og_image":[{"url":"https:\/\/webpr.ch\/wp-content\/uploads\/2023\/06\/netreputation-milan-horizontal-shot.webp"}],"twitter_card":"summary_large_image","twitter_misc":{"Est. reading time":"2 minutes"},"schema":{"@context":"https:\/\/schema.org","@graph":[{"@type":"WebPage","@id":"https:\/\/webpr.ch\/media-coverage\/","url":"https:\/\/webpr.ch\/media-coverage\/","name":"Media Coverage - WebPR","isPartOf":{"@id":"https:\/\/webpr.ch\/#website"},"datePublished":"2019-11-26T12:23:06+00:00","dateModified":"2024-03-14T19:13:14+00:00","description":"We are here to \u00a0help fuel your growth, built your reputation and create content for your Media and News appearance, your website, email...","breadcrumb":{"@id":"https:\/\/webpr.ch\/media-coverage\/#breadcrumb"},"inLanguage":"en-US","potentialAction":[{"@type":"ReadAction","target":["https:\/\/webpr.ch\/media-coverage\/"]}]},{"@type":"BreadcrumbList","@id":"https:\/\/webpr.ch\/media-coverage\/#breadcrumb","itemListElement":[{"@type":"ListItem","position":1,"name":"Home","item":"https:\/\/webpr.ch\/"},{"@type":"ListItem","position":2,"name":"Media Coverage"}]},{"@type":"WebSite","@id":"https:\/\/webpr.ch\/#website","url":"https:\/\/webpr.ch\/","name":"WebPR","description":"","publisher":{"@id":"https:\/\/webpr.ch\/#organization"},"potentialAction":[{"@type":"SearchAction","target":{"@type":"EntryPoint","urlTemplate":"https:\/\/webpr.ch\/?s={search_term_string}"},"query-input":"required name=search_term_string"}],"inLanguage":"en-US"},{"@type":"Organization","@id":"https:\/\/webpr.ch\/#organization","name":"WebPR","url":"https:\/\/webpr.ch\/","logo":{"@type":"ImageObject","inLanguage":"en-US","@id":"https:\/\/webpr.ch\/#\/schema\/logo\/image\/","url":"https:\/\/webpr.ch\/wp-content\/uploads\/2023\/01\/ceo-milan-gallery-portrait-close.webp","contentUrl":"https:\/\/webpr.ch\/wp-content\/uploads\/2023\/01\/ceo-milan-gallery-portrait-close.webp","width":800,"height":846,"caption":"WebPR"},"image":{"@id":"https:\/\/webpr.ch\/#\/schema\/logo\/image\/"}}]}},"_links":{"self":[{"href":"https:\/\/webpr.ch\/de_CH\/wp-json\/wp\/v2\/pages\/6"}],"collection":[{"href":"https:\/\/webpr.ch\/de_CH\/wp-json\/wp\/v2\/pages"}],"about":[{"href":"https:\/\/webpr.ch\/de_CH\/wp-json\/wp\/v2\/types\/page"}],"author":[{"embeddable":true,"href":"https:\/\/webpr.ch\/de_CH\/wp-json\/wp\/v2\/users\/1"}],"replies":[{"embeddable":true,"href":"https:\/\/webpr.ch\/de_CH\/wp-json\/wp\/v2\/comments?post=6"}],"version-history":[{"count":64,"href":"https:\/\/webpr.ch\/de_CH\/wp-json\/wp\/v2\/pages\/6\/revisions"}],"predecessor-version":[{"id":748,"href":"https:\/\/webpr.ch\/de_CH\/wp-json\/wp\/v2\/pages\/6\/revisions\/748"}],"wp:attachment":[{"href":"https:\/\/webpr.ch\/de_CH\/wp-json\/wp\/v2\/media?parent=6"}],"curies":[{"name":"wp","href":"https:\/\/api.w.org\/{rel}","templated":true}]}}