{"id":5,"date":"2019-11-26T12:22:54","date_gmt":"2019-11-26T12:22:54","guid":{"rendered":"https:\/\/demosites.io\/blogger-gb\/?page_id=5"},"modified":"2024-03-14T19:12:44","modified_gmt":"2024-03-14T19:12:44","slug":"landing","status":"publish","type":"page","link":"https:\/\/webpr.ch\/de_CH\/","title":{"rendered":"Willkomme"},"content":{"rendered":"\n<div id=\"wp-block-themeisle-blocks-advanced-columns-e5e06ebd\" class=\"wp-block-themeisle-blocks-advanced-columns alignfull has-2-columns has-desktop-equal-layout has-tablet-equal-layout has-mobile-collapsedRows-layout has-vertical-center\"><div class=\"wp-block-themeisle-blocks-advanced-columns-overlay\"><\/div><div class=\"innerblocks-wrap\">\n<div id=\"wp-block-themeisle-blocks-advanced-column-faefdc1c\" class=\"wp-block-themeisle-blocks-advanced-column ticss-262bb66b\">\n<figure class=\"wp-block-image size-full is-resized ticss-864e2883\"><img decoding=\"async\" loading=\"lazy\" src=\"https:\/\/webpr.ch\/wp-content\/uploads\/2023\/01\/ceo-milan-whitebg.webp\" alt=\"\" class=\"wp-image-127\" width=\"800\" height=\"996\" srcset=\"https:\/\/webpr.ch\/wp-content\/uploads\/2023\/01\/ceo-milan-whitebg.webp 800w, https:\/\/webpr.ch\/wp-content\/uploads\/2023\/01\/ceo-milan-whitebg-241x300.webp 241w, https:\/\/webpr.ch\/wp-content\/uploads\/2023\/01\/ceo-milan-whitebg-768x956.webp 768w\" sizes=\"(max-width: 800px) 100vw, 800px\" \/><\/figure>\n<\/div>\n\n\n\n<div id=\"wp-block-themeisle-blocks-advanced-column-101a17aa\" class=\"wp-block-themeisle-blocks-advanced-column\">\n<h3 class=\"wp-block-heading has-text-align-center ticss-323b0dc0 has-background\" style=\"background-color:#ffd66b\">Erhalten Sie Medienberichterstattung! Bauen Sie Ihren Online-Ruf auf! <br \/>Mein Name ist Milan. <br \/>Ich bin Chefredakteur bei <a href=\"http:\/\/superbcrew.com\" target=\"_blank\" rel=\"noreferrer noopener nofollow\">SuperbCrew.com<\/a>, <a href=\"http:\/\/techcompanynews.com\" target=\"_blank\" rel=\"noreferrer noopener nofollow\">TechCompanyNews.com<\/a>, <a href=\"https:\/\/dailycompanynews.com\" target=\"_blank\" rel=\"noreferrer noopener nofollow\">DailyCompanyNews.com<\/a>, und Partner bei <a href=\"http:\/\/NetReputation.CH\" target=\"_blank\" rel=\"noreferrer noopener nofollow\">WebPR.CH<\/a><\/h3>\n\n\n\n<div class=\"wp-block-buttons is-content-justification-center is-layout-flex wp-container-1\">\n<div class=\"wp-block-button is-style-secondary\"><a class=\"wp-block-button__link has-background wp-element-button\" href=\"https:\/\/webpr.ch\/de_CH\/contact\/\" style=\"background-color:#ffd66b\">Kontaktier Mich Jetzt<\/a><\/div>\n<\/div>\n<\/div>\n<\/div><\/div>\n\n\n\n<h2 class=\"wp-block-heading has-text-align-center\">WACHSE mit deinem Unternehmen!<br \/>Verbessere deinen Online-Ruf!<\/h2>\n\n\n\n<div id=\"wp-block-themeisle-blocks-advanced-columns-59baf5f1\" class=\"wp-block-themeisle-blocks-advanced-columns alignfull has-1-columns has-desktop-equal-layout has-tablet-equal-layout has-mobile-equal-layout has-vertical-center\"><div class=\"wp-block-themeisle-blocks-advanced-columns-overlay\"><\/div><div class=\"innerblocks-wrap\">\n<div id=\"wp-block-themeisle-blocks-advanced-column-cfce5b92\" class=\"wp-block-themeisle-blocks-advanced-column\">\n<h3 class=\"wp-block-heading has-text-align-center\">Es ist Zeit, die Kontrolle \u00fcber deinen Online-Ruf zu \u00fcbernehmen.<\/h3>\n\n\n\n<h3 class=\"wp-block-heading has-text-align-center\">Den Fokus auf deinen Ruf zu legen bedeutet, sich auf echtes Umsatzwachstum zu konzentrieren.<\/h3>\n<\/div>\n<\/div><\/div>\n\n\n\n<div id=\"wp-block-themeisle-blocks-advanced-columns-5a83b79b\" class=\"wp-block-themeisle-blocks-advanced-columns alignfull has-2-columns has-desktop-equal-layout has-tablet-equal-layout has-mobile-collapsedRows-layout has-vertical-center has-light-bg\"><div class=\"wp-block-themeisle-blocks-advanced-columns-overlay\"><\/div><div class=\"innerblocks-wrap\">\n<div id=\"wp-block-themeisle-blocks-advanced-column-02495679\" class=\"wp-block-themeisle-blocks-advanced-column ticss-48ef8f35\">\n<h3 class=\"wp-block-heading has-text-align-center has-neve-text-color-color has-text-color\">Keine Online-Agentur. <br \/>Ein Partner f\u00fcr echtes langfristiges Ruf- und Gesch\u00e4ftswachstum. Maximiere deine Online-Pr\u00e4senz und deinen Ruf. <\/h3>\n\n\n\n<h3 class=\"wp-block-heading has-text-align-center has-neve-text-color-color has-text-color\">Schreiben Sie mir jetzt eine E-Mail:<br \/><mark style=\"background-color:#ffd66b\" class=\"has-inline-color\">milan[at]WebPR.ch<\/mark><\/h3>\n<\/div>\n\n\n\n<div id=\"wp-block-themeisle-blocks-advanced-column-67e16009\" class=\"wp-block-themeisle-blocks-advanced-column ticss-5418d6a3\"><div class=\"wp-block-image ticss-5da1adbd\">\n<figure class=\"aligncenter size-full is-resized\"><img decoding=\"async\" loading=\"lazy\" src=\"https:\/\/webpr.ch\/wp-content\/uploads\/2023\/01\/ceo-milan-portrait-shot.webp\" alt=\"\" class=\"wp-image-136\" width=\"480\" height=\"480\" srcset=\"https:\/\/webpr.ch\/wp-content\/uploads\/2023\/01\/ceo-milan-portrait-shot.webp 800w, https:\/\/webpr.ch\/wp-content\/uploads\/2023\/01\/ceo-milan-portrait-shot-300x300.webp 300w, https:\/\/webpr.ch\/wp-content\/uploads\/2023\/01\/ceo-milan-portrait-shot-150x150.webp 150w, https:\/\/webpr.ch\/wp-content\/uploads\/2023\/01\/ceo-milan-portrait-shot-768x768.webp 768w\" sizes=\"(max-width: 480px) 100vw, 480px\" \/><\/figure><\/div><\/div>\n<\/div><\/div>\n\n\n\n<div id=\"wp-block-themeisle-blocks-advanced-columns-0420b78e\" class=\"wp-block-themeisle-blocks-advanced-columns has-1-columns has-desktop-equal-layout has-tablet-equal-layout has-mobile-equal-layout has-vertical-unset\"><div class=\"wp-block-themeisle-blocks-advanced-columns-overlay\"><\/div><div class=\"innerblocks-wrap\">\n<div id=\"wp-block-themeisle-blocks-advanced-column-07c8372f\" class=\"wp-block-themeisle-blocks-advanced-column ticss-1e4a2cbe\"><div class=\"wp-block-image\">\n<figure class=\"aligncenter size-full\"><a href=\"https:\/\/webpr.ch\/de_CH\/contact\/\"><img decoding=\"async\" loading=\"lazy\" width=\"150\" height=\"150\" src=\"https:\/\/webpr.ch\/wp-content\/uploads\/2022\/10\/neve-minimal-blogger-12-s.png\" alt=\"\" class=\"wp-image-118\"\/><\/a><\/figure><\/div><\/div>\n<\/div><\/div>\n","protected":false},"excerpt":{"rendered":"<p><!-- wp:themeisle-blocks\/advanced-columns {\"id\":\"wp-block-themeisle-blocks-advanced-columns-e5e06ebd\",\"columns\":2,\"layout\":\"equal\",\"layoutMobile\":\"collapsedRows\",\"padding\":{\"top\":\"80px\",\"bottom\":\"80px\",\"left\":\"20px\",\"right\":\"20px\"},\"paddingTablet\":{\"...\n<\/p>\n","protected":false},"author":1,"featured_media":136,"parent":0,"menu_order":0,"comment_status":"closed","ping_status":"closed","template":"page-templates\/template-pagebuilder-full-width.php","meta":{"neve_meta_sidebar":"full-width","neve_meta_container":"","neve_meta_enable_content_width":"on","neve_meta_content_width":100,"neve_meta_title_alignment":"","neve_meta_author_avatar":"","neve_post_elements_order":"","neve_meta_disable_header":"","neve_meta_disable_footer":"","neve_meta_disable_title":"on","_themeisle_gutenberg_block_has_review":false,"_ti_tpc_template_sync":false,"_ti_tpc_template_id":"cq3zdpus82tmpryrxb4m"},"yoast_head":"<!-- This site is optimized with the Yoast SEO plugin v20.10 - https:\/\/yoast.com\/wordpress\/plugins\/seo\/ -->\n<title>Welcome - WebPR<\/title>\n<meta name=\"description\" content=\"Focus on Your Reputation means to focus on True Revenue Growth. It is time to take control of your online reputation...\" \/>\n<meta name=\"robots\" content=\"noindex, follow, max-snippet:-1, max-image-preview:large, max-video-preview:-1\" \/>\n<meta property=\"og:locale\" content=\"en_US\" \/>\n<meta property=\"og:type\" content=\"article\" \/>\n<meta property=\"og:title\" content=\"Welcome - WebPR\" \/>\n<meta property=\"og:description\" content=\"Focus on Your Reputation means to focus on True Revenue Growth. It is time to take control of your online reputation...\" \/>\n<meta property=\"og:url\" content=\"https:\/\/webpr.ch\/\" \/>\n<meta property=\"og:site_name\" content=\"WebPR\" \/>\n<meta property=\"article:modified_time\" content=\"2024-03-14T19:12:44+00:00\" \/>\n<meta property=\"og:image\" content=\"https:\/\/webpr.ch\/wp-content\/uploads\/2023\/01\/ceo-milan-portrait-shot.webp\" \/>\n\t<meta property=\"og:image:width\" content=\"800\" \/>\n\t<meta property=\"og:image:height\" content=\"800\" \/>\n\t<meta property=\"og:image:type\" content=\"image\/webp\" \/>\n<meta name=\"twitter:card\" content=\"summary_large_image\" \/>\n<script type=\"application\/ld+json\" class=\"yoast-schema-graph\">{\"@context\":\"https:\/\/schema.org\",\"@graph\":[{\"@type\":\"WebPage\",\"@id\":\"https:\/\/webpr.ch\/\",\"url\":\"https:\/\/webpr.ch\/\",\"name\":\"Welcome - WebPR\",\"isPartOf\":{\"@id\":\"https:\/\/webpr.ch\/#website\"},\"datePublished\":\"2019-11-26T12:22:54+00:00\",\"dateModified\":\"2024-03-14T19:12:44+00:00\",\"description\":\"Focus on Your Reputation means to focus on True Revenue Growth. It is time to take control of your online reputation...\",\"breadcrumb\":{\"@id\":\"https:\/\/webpr.ch\/#breadcrumb\"},\"inLanguage\":\"en-US\",\"potentialAction\":[{\"@type\":\"ReadAction\",\"target\":[\"https:\/\/webpr.ch\/\"]}]},{\"@type\":\"BreadcrumbList\",\"@id\":\"https:\/\/webpr.ch\/#breadcrumb\",\"itemListElement\":[{\"@type\":\"ListItem\",\"position\":1,\"name\":\"Home\",\"item\":\"https:\/\/webpr.ch\/\"},{\"@type\":\"ListItem\",\"position\":2,\"name\":\"Welcome\"}]},{\"@type\":\"WebSite\",\"@id\":\"https:\/\/webpr.ch\/#website\",\"url\":\"https:\/\/webpr.ch\/\",\"name\":\"WebPR\",\"description\":\"\",\"publisher\":{\"@id\":\"https:\/\/webpr.ch\/#organization\"},\"potentialAction\":[{\"@type\":\"SearchAction\",\"target\":{\"@type\":\"EntryPoint\",\"urlTemplate\":\"https:\/\/webpr.ch\/?s={search_term_string}\"},\"query-input\":\"required name=search_term_string\"}],\"inLanguage\":\"en-US\"},{\"@type\":\"Organization\",\"@id\":\"https:\/\/webpr.ch\/#organization\",\"name\":\"WebPR\",\"url\":\"https:\/\/webpr.ch\/\",\"logo\":{\"@type\":\"ImageObject\",\"inLanguage\":\"en-US\",\"@id\":\"https:\/\/webpr.ch\/#\/schema\/logo\/image\/\",\"url\":\"https:\/\/webpr.ch\/wp-content\/uploads\/2023\/01\/ceo-milan-gallery-portrait-close.webp\",\"contentUrl\":\"https:\/\/webpr.ch\/wp-content\/uploads\/2023\/01\/ceo-milan-gallery-portrait-close.webp\",\"width\":800,\"height\":846,\"caption\":\"WebPR\"},\"image\":{\"@id\":\"https:\/\/webpr.ch\/#\/schema\/logo\/image\/\"}}]}<\/script>\n<!-- \/ Yoast SEO plugin. -->","yoast_head_json":{"title":"Welcome - WebPR","description":"Focus on Your Reputation means to focus on True Revenue Growth. It is time to take control of your online reputation...","robots":{"index":"noindex","follow":"follow","max-snippet":"max-snippet:-1","max-image-preview":"max-image-preview:large","max-video-preview":"max-video-preview:-1"},"og_locale":"en_US","og_type":"article","og_title":"Welcome - WebPR","og_description":"Focus on Your Reputation means to focus on True Revenue Growth. It is time to take control of your online reputation...","og_url":"https:\/\/webpr.ch\/","og_site_name":"WebPR","article_modified_time":"2024-03-14T19:12:44+00:00","og_image":[{"width":800,"height":800,"url":"https:\/\/webpr.ch\/wp-content\/uploads\/2023\/01\/ceo-milan-portrait-shot.webp","type":"image\/webp"}],"twitter_card":"summary_large_image","schema":{"@context":"https:\/\/schema.org","@graph":[{"@type":"WebPage","@id":"https:\/\/webpr.ch\/","url":"https:\/\/webpr.ch\/","name":"Welcome - WebPR","isPartOf":{"@id":"https:\/\/webpr.ch\/#website"},"datePublished":"2019-11-26T12:22:54+00:00","dateModified":"2024-03-14T19:12:44+00:00","description":"Focus on Your Reputation means to focus on True Revenue Growth. It is time to take control of your online reputation...","breadcrumb":{"@id":"https:\/\/webpr.ch\/#breadcrumb"},"inLanguage":"en-US","potentialAction":[{"@type":"ReadAction","target":["https:\/\/webpr.ch\/"]}]},{"@type":"BreadcrumbList","@id":"https:\/\/webpr.ch\/#breadcrumb","itemListElement":[{"@type":"ListItem","position":1,"name":"Home","item":"https:\/\/webpr.ch\/"},{"@type":"ListItem","position":2,"name":"Welcome"}]},{"@type":"WebSite","@id":"https:\/\/webpr.ch\/#website","url":"https:\/\/webpr.ch\/","name":"WebPR","description":"","publisher":{"@id":"https:\/\/webpr.ch\/#organization"},"potentialAction":[{"@type":"SearchAction","target":{"@type":"EntryPoint","urlTemplate":"https:\/\/webpr.ch\/?s={search_term_string}"},"query-input":"required name=search_term_string"}],"inLanguage":"en-US"},{"@type":"Organization","@id":"https:\/\/webpr.ch\/#organization","name":"WebPR","url":"https:\/\/webpr.ch\/","logo":{"@type":"ImageObject","inLanguage":"en-US","@id":"https:\/\/webpr.ch\/#\/schema\/logo\/image\/","url":"https:\/\/webpr.ch\/wp-content\/uploads\/2023\/01\/ceo-milan-gallery-portrait-close.webp","contentUrl":"https:\/\/webpr.ch\/wp-content\/uploads\/2023\/01\/ceo-milan-gallery-portrait-close.webp","width":800,"height":846,"caption":"WebPR"},"image":{"@id":"https:\/\/webpr.ch\/#\/schema\/logo\/image\/"}}]}},"_links":{"self":[{"href":"https:\/\/webpr.ch\/de_CH\/wp-json\/wp\/v2\/pages\/5"}],"collection":[{"href":"https:\/\/webpr.ch\/de_CH\/wp-json\/wp\/v2\/pages"}],"about":[{"href":"https:\/\/webpr.ch\/de_CH\/wp-json\/wp\/v2\/types\/page"}],"author":[{"embeddable":true,"href":"https:\/\/webpr.ch\/de_CH\/wp-json\/wp\/v2\/users\/1"}],"replies":[{"embeddable":true,"href":"https:\/\/webpr.ch\/de_CH\/wp-json\/wp\/v2\/comments?post=5"}],"version-history":[{"count":149,"href":"https:\/\/webpr.ch\/de_CH\/wp-json\/wp\/v2\/pages\/5\/revisions"}],"predecessor-version":[{"id":747,"href":"https:\/\/webpr.ch\/de_CH\/wp-json\/wp\/v2\/pages\/5\/revisions\/747"}],"wp:featuredmedia":[{"embeddable":true,"href":"https:\/\/webpr.ch\/de_CH\/wp-json\/wp\/v2\/media\/136"}],"wp:attachment":[{"href":"https:\/\/webpr.ch\/de_CH\/wp-json\/wp\/v2\/media?parent=5"}],"curies":[{"name":"wp","href":"https:\/\/api.w.org\/{rel}","templated":true}]}}