{"id":377,"date":"2023-02-06T08:47:32","date_gmt":"2023-02-06T08:47:32","guid":{"rendered":"https:\/\/ceomilan.com\/?page_id=377"},"modified":"2024-03-14T19:13:17","modified_gmt":"2024-03-14T19:13:17","slug":"public-relations","status":"publish","type":"page","link":"https:\/\/webpr.ch\/de_CH\/public-relations\/","title":{"rendered":"Public Relations"},"content":{"rendered":"\n<div id=\"wp-block-themeisle-blocks-advanced-columns-c3397b6c\" class=\"wp-block-themeisle-blocks-advanced-columns alignfull has-1-columns has-desktop-equal-layout has-tablet-equal-layout has-mobile-equal-layout has-vertical-unset\"><div class=\"wp-block-themeisle-blocks-advanced-columns-overlay\"><\/div><div class=\"innerblocks-wrap\">\n<div id=\"wp-block-themeisle-blocks-advanced-column-f1a738cd\" class=\"wp-block-themeisle-blocks-advanced-column\">\n<h1 class=\"wp-block-heading alignwide has-text-align-center ticss-323b0dc0\">Public Relations<\/h1>\n\n\n\n<h3 class=\"wp-block-heading has-text-align-center\">Ihre Reputation ist alles: Managen Sie sie, verbessern Sie sie, kontrollieren Sie sie!<\/h3>\n\n\n\n<h3 class=\"wp-block-heading\">Mit nachgewiesenen Ergebnissen einen Effekt erzielen.<\/h3>\n\n\n\n<h4 class=\"wp-block-heading\">Wir sind auf Public Relations-Strategie und C-Level-Kommunikation spezialisiert (F\u00fchrungskommunikation, die sich auf Stakeholder und Kunden konzentriert).<br \/><br \/>Wir sind hier, um erfolgreichen, vision\u00e4ren F\u00fchrungskr\u00e4ften dabei zu helfen, ihre Botschaft an ein breiteres Publikum zu vermitteln. Ein gr\u00f6\u00dferes Publikum bedeutet mehr potenzielle Kunden und mehr Sichtbarkeit f\u00fcr Ihr Unternehmen.<br \/><br \/>Public Relations und die Bereitstellung von Informationen an vertrauensw\u00fcrdige, zielgerichtete Nachrichtenquellen helfen Ihrem Unternehmen, schneller zu wachsen und sich von der Konkurrenz abzuheben.<\/h4>\n\n\n\n<ul class=\"has-medium-font-size\">\n<li><strong>Medienplanung und Kontaktaufnahme<\/strong><\/li>\n\n\n\n<li><strong>Artikel zu Themenf\u00fchrerschaft<\/strong><\/li>\n\n\n\n<li><strong>Content-Erstellung<\/strong><\/li>\n\n\n\n<li><strong>Verteilung von Pressemitteilungen<\/strong><\/li>\n\n\n\n<li><strong>Influencer-Marketing in sozialen Medien<\/strong><\/li>\n\n\n\n<li><strong>Produktstarts, Markenpositionierung<\/strong><\/li>\n<\/ul>\n<\/div>\n<\/div><\/div>\n\n\n\n<div id=\"wp-block-themeisle-blocks-advanced-columns-350732b2\" class=\"wp-block-themeisle-blocks-advanced-columns alignfull has-1-columns has-desktop-equal-layout has-tablet-equal-layout has-mobile-collapsedRows-layout has-vertical-unset has-dark-bg\"><div class=\"wp-block-themeisle-blocks-advanced-columns-overlay\"><\/div><div class=\"innerblocks-wrap\">\n<div id=\"wp-block-themeisle-blocks-advanced-column-57d9480e\" class=\"wp-block-themeisle-blocks-advanced-column\">\n<h2 class=\"wp-block-heading has-text-align-center\">StartUp-PR<\/h2>\n\n\n\n<h3 class=\"wp-block-heading has-text-align-center\">Wenn ein StartUp Medienaufmerksamkeit erh\u00e4lt, folgen neue Anmeldungen und Beta-Nutzer.<\/h3>\n\n\n\n<h4 class=\"wp-block-heading\">Kontaktieren Sie Journalisten, erreichen Sie Investoren und neue Kunden. <br \/>Wir helfen Ihnen dabei, mit Public-Relations-L\u00f6sungen f\u00fcr Ihr Unternehmen mehr Leads zu generieren, mehr Verk\u00e4ufe zu erzielen und mehr Kunden zu binden.<\/h4>\n\n\n\n<h3 class=\"wp-block-heading has-text-align-center\">Wir sind hier, um Ihnen dabei zu helfen, Ihren Online-Ruf aufzubauen, zu definieren und zu verbessern! Zeigen Sie Ihre beste Online-Version von sich selbst!<\/h3>\n\n\n\n<ul class=\"has-medium-font-size\">\n<li><strong>Reputationsanalyse<\/strong><\/li>\n\n\n\n<li><strong>Plan f\u00fcr die Ver\u00f6ffentlichung von Nachrichten<\/strong><\/li>\n\n\n\n<li><strong>Inhalterstellung, Nachrichtenartikel, Medienpromotion<\/strong><\/li>\n\n\n\n<li><strong>Website-Design, individuelle Markenbildung und -f\u00f6rderung<\/strong><\/li>\n\n\n\n<li><strong>Social-Media-Profile, Video-Profile<\/strong><\/li>\n\n\n\n<li><strong>Wikipedia-Profile, Blogs, Pressemitteilungen, Artikel<\/strong><\/li>\n<\/ul>\n\n\n\n<div class=\"wp-block-columns alignwide are-vertically-aligned-center is-layout-flex wp-container-3\">\n<div class=\"wp-block-column is-vertically-aligned-center is-layout-flow\">\n<h3 class=\"wp-block-heading has-text-align-center\">Maximieren Sie Ihre Online-Pr\u00e4senz und Ihren Ruf.<\/h3>\n\n\n\n<h3 class=\"wp-block-heading has-text-align-center\">Schreiben Sie mir jetzt eine E-Mail:<br \/><mark style=\"background-color:#ffd66b\" class=\"has-inline-color\">milan[at]WebPR.ch<\/mark>.<\/h3>\n<\/div>\n\n\n\n<div class=\"wp-block-column is-vertically-aligned-center is-layout-flow\"><div class=\"wp-block-image\">\n<figure class=\"aligncenter size-large is-resized\"><img decoding=\"async\" loading=\"lazy\" src=\"https:\/\/webpr.ch\/wp-content\/uploads\/2023\/06\/ceo-milan-public-relations-1024x865.webp\" alt=\"\" class=\"wp-image-567\" width=\"512\" height=\"433\" srcset=\"https:\/\/webpr.ch\/wp-content\/uploads\/2023\/06\/ceo-milan-public-relations-1024x865.webp 1024w, https:\/\/webpr.ch\/wp-content\/uploads\/2023\/06\/ceo-milan-public-relations-300x254.webp 300w, https:\/\/webpr.ch\/wp-content\/uploads\/2023\/06\/ceo-milan-public-relations-768x649.webp 768w, https:\/\/webpr.ch\/wp-content\/uploads\/2023\/06\/ceo-milan-public-relations.webp 1200w\" sizes=\"(max-width: 512px) 100vw, 512px\" \/><\/figure><\/div><\/div>\n<\/div>\n<\/div>\n<\/div><\/div>\n\n\n\n<div id=\"wp-block-themeisle-blocks-advanced-columns-0420b78e\" class=\"wp-block-themeisle-blocks-advanced-columns has-1-columns has-desktop-equal-layout has-tablet-equal-layout has-mobile-equal-layout has-vertical-unset\"><div class=\"wp-block-themeisle-blocks-advanced-columns-overlay\"><\/div><div class=\"innerblocks-wrap\">\n<div id=\"wp-block-themeisle-blocks-advanced-column-07c8372f\" class=\"wp-block-themeisle-blocks-advanced-column ticss-1e4a2cbe\"><div class=\"wp-block-image\">\n<figure class=\"aligncenter size-full\"><a href=\"https:\/\/webpr.ch\/de_CH\/contact\/\"><img decoding=\"async\" loading=\"lazy\" width=\"150\" height=\"150\" src=\"https:\/\/webpr.ch\/wp-content\/uploads\/2022\/10\/neve-minimal-blogger-12-s.png\" alt=\"\" class=\"wp-image-118\"\/><\/a><\/figure><\/div><\/div>\n<\/div><\/div>\n","protected":false},"excerpt":{"rendered":"<p><!-- wp:themeisle-blocks\/advanced-columns {\"id\":\"wp-block-themeisle-blocks-advanced-columns-c3397b6c\",\"columns\":1,\"layout\":\"equal\",\"padding\":{\"top\":\"20px\",\"bottom\":\"20px\",\"left\":\"20px\",\"right\":\"20px\"},\"paddingTablet\":{\"top\":\"20px\",\"bottom\":\"20px\",\"le...\n<\/p>\n","protected":false},"author":1,"featured_media":0,"parent":0,"menu_order":0,"comment_status":"closed","ping_status":"closed","template":"","meta":{"neve_meta_sidebar":"full-width","neve_meta_container":"","neve_meta_enable_content_width":"on","neve_meta_content_width":100,"neve_meta_title_alignment":"","neve_meta_author_avatar":"","neve_post_elements_order":"","neve_meta_disable_header":"","neve_meta_disable_footer":"","neve_meta_disable_title":"on","_themeisle_gutenberg_block_has_review":false,"_ti_tpc_template_sync":false,"_ti_tpc_template_id":"lk14g9s4to6urekitery"},"yoast_head":"<!-- This site is optimized with the Yoast SEO plugin v20.10 - https:\/\/yoast.com\/wordpress\/plugins\/seo\/ -->\n<title>Public Relations - WebPR<\/title>\n<meta name=\"description\" content=\"Public Relations and information delivery to trusted, targeted News outlets, will help your business grow faster and stand out...\" \/>\n<meta name=\"robots\" content=\"noindex, follow, max-snippet:-1, max-image-preview:large, max-video-preview:-1\" \/>\n<meta property=\"og:locale\" content=\"en_US\" \/>\n<meta property=\"og:type\" content=\"article\" \/>\n<meta property=\"og:title\" content=\"Public Relations - WebPR\" \/>\n<meta property=\"og:description\" content=\"Public Relations and information delivery to trusted, targeted News outlets, will help your business grow faster and stand out...\" \/>\n<meta property=\"og:url\" content=\"https:\/\/webpr.ch\/public-relations\/\" \/>\n<meta property=\"og:site_name\" content=\"WebPR\" \/>\n<meta property=\"article:modified_time\" content=\"2024-03-14T19:13:17+00:00\" \/>\n<meta property=\"og:image\" content=\"https:\/\/webpr.ch\/wp-content\/uploads\/2023\/06\/ceo-milan-public-relations-1024x865.webp\" \/>\n<meta name=\"twitter:card\" content=\"summary_large_image\" \/>\n<meta name=\"twitter:label1\" content=\"Est. reading time\" \/>\n\t<meta name=\"twitter:data1\" content=\"2 minutes\" \/>\n<script type=\"application\/ld+json\" class=\"yoast-schema-graph\">{\"@context\":\"https:\/\/schema.org\",\"@graph\":[{\"@type\":\"WebPage\",\"@id\":\"https:\/\/webpr.ch\/public-relations\/\",\"url\":\"https:\/\/webpr.ch\/public-relations\/\",\"name\":\"Public Relations - WebPR\",\"isPartOf\":{\"@id\":\"https:\/\/webpr.ch\/#website\"},\"datePublished\":\"2023-02-06T08:47:32+00:00\",\"dateModified\":\"2024-03-14T19:13:17+00:00\",\"description\":\"Public Relations and information delivery to trusted, targeted News outlets, will help your business grow faster and stand out...\",\"breadcrumb\":{\"@id\":\"https:\/\/webpr.ch\/public-relations\/#breadcrumb\"},\"inLanguage\":\"en-US\",\"potentialAction\":[{\"@type\":\"ReadAction\",\"target\":[\"https:\/\/webpr.ch\/public-relations\/\"]}]},{\"@type\":\"BreadcrumbList\",\"@id\":\"https:\/\/webpr.ch\/public-relations\/#breadcrumb\",\"itemListElement\":[{\"@type\":\"ListItem\",\"position\":1,\"name\":\"Home\",\"item\":\"https:\/\/webpr.ch\/\"},{\"@type\":\"ListItem\",\"position\":2,\"name\":\"Public Relations\"}]},{\"@type\":\"WebSite\",\"@id\":\"https:\/\/webpr.ch\/#website\",\"url\":\"https:\/\/webpr.ch\/\",\"name\":\"WebPR\",\"description\":\"\",\"publisher\":{\"@id\":\"https:\/\/webpr.ch\/#organization\"},\"potentialAction\":[{\"@type\":\"SearchAction\",\"target\":{\"@type\":\"EntryPoint\",\"urlTemplate\":\"https:\/\/webpr.ch\/?s={search_term_string}\"},\"query-input\":\"required name=search_term_string\"}],\"inLanguage\":\"en-US\"},{\"@type\":\"Organization\",\"@id\":\"https:\/\/webpr.ch\/#organization\",\"name\":\"WebPR\",\"url\":\"https:\/\/webpr.ch\/\",\"logo\":{\"@type\":\"ImageObject\",\"inLanguage\":\"en-US\",\"@id\":\"https:\/\/webpr.ch\/#\/schema\/logo\/image\/\",\"url\":\"https:\/\/webpr.ch\/wp-content\/uploads\/2023\/01\/ceo-milan-gallery-portrait-close.webp\",\"contentUrl\":\"https:\/\/webpr.ch\/wp-content\/uploads\/2023\/01\/ceo-milan-gallery-portrait-close.webp\",\"width\":800,\"height\":846,\"caption\":\"WebPR\"},\"image\":{\"@id\":\"https:\/\/webpr.ch\/#\/schema\/logo\/image\/\"}}]}<\/script>\n<!-- \/ Yoast SEO plugin. -->","yoast_head_json":{"title":"Public Relations - WebPR","description":"Public Relations and information delivery to trusted, targeted News outlets, will help your business grow faster and stand out...","robots":{"index":"noindex","follow":"follow","max-snippet":"max-snippet:-1","max-image-preview":"max-image-preview:large","max-video-preview":"max-video-preview:-1"},"og_locale":"en_US","og_type":"article","og_title":"Public Relations - WebPR","og_description":"Public Relations and information delivery to trusted, targeted News outlets, will help your business grow faster and stand out...","og_url":"https:\/\/webpr.ch\/public-relations\/","og_site_name":"WebPR","article_modified_time":"2024-03-14T19:13:17+00:00","og_image":[{"url":"https:\/\/webpr.ch\/wp-content\/uploads\/2023\/06\/ceo-milan-public-relations-1024x865.webp"}],"twitter_card":"summary_large_image","twitter_misc":{"Est. reading time":"2 minutes"},"schema":{"@context":"https:\/\/schema.org","@graph":[{"@type":"WebPage","@id":"https:\/\/webpr.ch\/public-relations\/","url":"https:\/\/webpr.ch\/public-relations\/","name":"Public Relations - WebPR","isPartOf":{"@id":"https:\/\/webpr.ch\/#website"},"datePublished":"2023-02-06T08:47:32+00:00","dateModified":"2024-03-14T19:13:17+00:00","description":"Public Relations and information delivery to trusted, targeted News outlets, will help your business grow faster and stand out...","breadcrumb":{"@id":"https:\/\/webpr.ch\/public-relations\/#breadcrumb"},"inLanguage":"en-US","potentialAction":[{"@type":"ReadAction","target":["https:\/\/webpr.ch\/public-relations\/"]}]},{"@type":"BreadcrumbList","@id":"https:\/\/webpr.ch\/public-relations\/#breadcrumb","itemListElement":[{"@type":"ListItem","position":1,"name":"Home","item":"https:\/\/webpr.ch\/"},{"@type":"ListItem","position":2,"name":"Public Relations"}]},{"@type":"WebSite","@id":"https:\/\/webpr.ch\/#website","url":"https:\/\/webpr.ch\/","name":"WebPR","description":"","publisher":{"@id":"https:\/\/webpr.ch\/#organization"},"potentialAction":[{"@type":"SearchAction","target":{"@type":"EntryPoint","urlTemplate":"https:\/\/webpr.ch\/?s={search_term_string}"},"query-input":"required name=search_term_string"}],"inLanguage":"en-US"},{"@type":"Organization","@id":"https:\/\/webpr.ch\/#organization","name":"WebPR","url":"https:\/\/webpr.ch\/","logo":{"@type":"ImageObject","inLanguage":"en-US","@id":"https:\/\/webpr.ch\/#\/schema\/logo\/image\/","url":"https:\/\/webpr.ch\/wp-content\/uploads\/2023\/01\/ceo-milan-gallery-portrait-close.webp","contentUrl":"https:\/\/webpr.ch\/wp-content\/uploads\/2023\/01\/ceo-milan-gallery-portrait-close.webp","width":800,"height":846,"caption":"WebPR"},"image":{"@id":"https:\/\/webpr.ch\/#\/schema\/logo\/image\/"}}]}},"_links":{"self":[{"href":"https:\/\/webpr.ch\/de_CH\/wp-json\/wp\/v2\/pages\/377"}],"collection":[{"href":"https:\/\/webpr.ch\/de_CH\/wp-json\/wp\/v2\/pages"}],"about":[{"href":"https:\/\/webpr.ch\/de_CH\/wp-json\/wp\/v2\/types\/page"}],"author":[{"embeddable":true,"href":"https:\/\/webpr.ch\/de_CH\/wp-json\/wp\/v2\/users\/1"}],"replies":[{"embeddable":true,"href":"https:\/\/webpr.ch\/de_CH\/wp-json\/wp\/v2\/comments?post=377"}],"version-history":[{"count":46,"href":"https:\/\/webpr.ch\/de_CH\/wp-json\/wp\/v2\/pages\/377\/revisions"}],"predecessor-version":[{"id":749,"href":"https:\/\/webpr.ch\/de_CH\/wp-json\/wp\/v2\/pages\/377\/revisions\/749"}],"wp:attachment":[{"href":"https:\/\/webpr.ch\/de_CH\/wp-json\/wp\/v2\/media?parent=377"}],"curies":[{"name":"wp","href":"https:\/\/api.w.org\/{rel}","templated":true}]}}